{"id":2093,"date":"2025-11-17T13:03:26","date_gmt":"2025-11-17T12:03:26","guid":{"rendered":"https:\/\/bluline.agenziayes.dev\/?page_id=2093"},"modified":"2025-11-26T11:11:30","modified_gmt":"2025-11-26T10:11:30","slug":"sostenibilita-e-certificazioni","status":"publish","type":"page","link":"https:\/\/bluline.agenziayes.dev\/en\/sostenibilita-e-certificazioni\/","title":{"rendered":"Sustainability and certifications"},"content":{"rendered":"<div data-elementor-type=\"wp-page\" data-elementor-id=\"2093\" class=\"elementor elementor-2093\" data-elementor-post-type=\"page\">\n\t\t\t\t<div class=\"elementor-element elementor-element-f42214e e-flex e-con-boxed e-con e-parent\" data-id=\"f42214e\" data-element_type=\"container\" data-settings=\"{&quot;background_background&quot;:&quot;video&quot;,&quot;background_video_link&quot;:&quot;https:\\\/\\\/bluline.agenziayes.dev\\\/wp-content\\\/uploads\\\/2025\\\/11\\\/07_SOSTENIBILITA_16-9-bluline.mp4&quot;,&quot;jet_parallax_layout_list&quot;:[],&quot;background_play_on_mobile&quot;:&quot;yes&quot;}\">\n\t\t\t\t\t<div class=\"e-con-inner\">\n\t\t<div class=\"elementor-background-video-container\" aria-hidden=\"true\">\n\t\t\t\t\t\t\t<video class=\"elementor-background-video-hosted\" autoplay muted playsinline loop><\/video>\n\t\t\t\t\t<\/div>\t\t<div class=\"elementor-element elementor-element-f1c3fb4 split-letters elementor-widget elementor-widget-heading\" data-id=\"f1c3fb4\" data-element_type=\"widget\" data-widget_type=\"heading.default\">\n\t\t\t\t<div class=\"elementor-widget-container\">\n\t\t\t\t\t<h1 class=\"elementor-heading-title elementor-size-default\">Sustainability<\/h1>\t\t\t\t<\/div>\n\t\t\t\t<\/div>\n\t\t\t\t\t<\/div>\n\t\t\t\t<\/div>\n\t\t<div class=\"elementor-element elementor-element-d456faf e-flex e-con-boxed e-con e-parent\" data-id=\"d456faf\" data-element_type=\"container\" data-settings=\"{&quot;jet_parallax_layout_list&quot;:[]}\">\n\t\t\t\t\t<div class=\"e-con-inner\">\n\t\t\t\t<div class=\"elementor-element elementor-element-7b5409b elementor-widget__width-initial split-text elementor-widget elementor-widget-heading\" data-id=\"7b5409b\" data-element_type=\"widget\" data-widget_type=\"heading.default\">\n\t\t\t\t<div class=\"elementor-widget-container\">\n\t\t\t\t\t<h2 class=\"elementor-heading-title elementor-size-default translation-block\">Traceable, responsible fabrics \u2014 100% Made in Italy.<\/h2>\t\t\t\t<\/div>\n\t\t\t\t<\/div>\n\t\t<div class=\"elementor-element elementor-element-2dab870 e-con-full e-grid e-con e-child\" data-id=\"2dab870\" data-element_type=\"container\" data-settings=\"{&quot;jet_parallax_layout_list&quot;:[]}\">\n\t\t<div class=\"elementor-element elementor-element-878bcc8 e-con-full e-flex e-con e-child\" data-id=\"878bcc8\" data-element_type=\"container\" data-settings=\"{&quot;jet_parallax_layout_list&quot;:[]}\">\n\t\t\t\t<\/div>\n\t\t<div class=\"elementor-element elementor-element-65d272e e-con-full e-flex e-con e-child\" data-id=\"65d272e\" data-element_type=\"container\" data-settings=\"{&quot;jet_parallax_layout_list&quot;:[]}\">\n\t\t\t\t<\/div>\n\t\t<div class=\"elementor-element elementor-element-b201cbc e-con-full e-flex e-con e-child\" data-id=\"b201cbc\" data-element_type=\"container\" data-settings=\"{&quot;jet_parallax_layout_list&quot;:[]}\">\n\t\t\t\t<div class=\"elementor-element elementor-element-f06a7ad animated-slow elementor-invisible elementor-widget elementor-widget-text-editor\" data-id=\"f06a7ad\" data-element_type=\"widget\" data-settings=\"{&quot;_animation&quot;:&quot;fadeIn&quot;,&quot;_animation_delay&quot;:200}\" data-widget_type=\"text-editor.default\">\n\t\t\t\t<div class=\"elementor-widget-container\">\n\t\t\t\t\t\t\t\t\t<p class=\"translation-block\">At Blu Line, <strong>sustainability<\/strong> is not an act but <strong>an integral part of the creative process<\/strong>.\u2028Every stage is traceable, every step entirely Made in Italy \u2014 a guarantee of quality and respect for the territory.<\/p><p class=\"translation-block\">True <strong>innovation generates value without waste<\/strong>: a philosophy expressed through selected raw materials, low-impact processes and a steady commitment to reducing consumption, optimizing production and embracing increasingly sustainable techniques.<\/p>\t\t\t\t\t\t\t\t<\/div>\n\t\t\t\t<\/div>\n\t\t\t\t<\/div>\n\t\t<div class=\"elementor-element elementor-element-e60a8f4 e-con-full e-flex e-con e-child\" data-id=\"e60a8f4\" data-element_type=\"container\" data-settings=\"{&quot;jet_parallax_layout_list&quot;:[]}\">\n\t\t\t\t<div class=\"elementor-element elementor-element-24b6ee6 animated-slow elementor-invisible elementor-widget elementor-widget-text-editor\" data-id=\"24b6ee6\" data-element_type=\"widget\" data-settings=\"{&quot;_animation&quot;:&quot;fadeIn&quot;,&quot;_animation_delay&quot;:400}\" data-widget_type=\"text-editor.default\">\n\t\t\t\t<div class=\"elementor-widget-container\">\n\t\t\t\t\t\t\t\t\t<p class=\"translation-block\">Partnerships with suppliers are based on <strong>shared ethical and environmental standards<\/strong>, maintaining a constant balance between innovation and responsibility. At the same time, <strong>people and their well-being remain central to the production process<\/strong>, through the protection of workers\u2019 and consumers\u2019 health and the promotion of an inclusive, responsible approach.<\/p><p class=\"translation-block\"><br>Every new <strong>Blu Line collection<\/strong> is a step forward toward a <strong>more conscious textile future<\/strong>, where beauty and sustainability coexist naturally.<\/p><p class=\"translation-block\"><br> For Blu Line, <strong>sustainability is a daily commitment<\/strong> and a continuous search for balance between aesthetics and function, progress and tradition, nature and industry.<\/p><p>This is how Blu Line builds a future where innovation and respect become one \u2014 fabrics that dress not only fashion, but awareness.<\/p>\t\t\t\t\t\t\t\t<\/div>\n\t\t\t\t<\/div>\n\t\t\t\t<\/div>\n\t\t\t\t<\/div>\n\t\t\t\t\t<\/div>\n\t\t\t\t<\/div>\n\t\t<div class=\"elementor-element elementor-element-6b4dfb8 e-flex e-con-boxed e-con e-parent\" data-id=\"6b4dfb8\" data-element_type=\"container\" data-settings=\"{&quot;jet_parallax_layout_list&quot;:[]}\">\n\t\t\t\t\t<div class=\"e-con-inner\">\n\t\t\t\t<div class=\"elementor-element elementor-element-de69c85 split-text elementor-widget elementor-widget-heading\" data-id=\"de69c85\" data-element_type=\"widget\" data-widget_type=\"heading.default\">\n\t\t\t\t<div class=\"elementor-widget-container\">\n\t\t\t\t\t<h2 class=\"elementor-heading-title elementor-size-default\">Certificazioni<\/h2>\t\t\t\t<\/div>\n\t\t\t\t<\/div>\n\t\t<div class=\"elementor-element elementor-element-73e2b86 e-con-full e-flex e-con e-child\" data-id=\"73e2b86\" data-element_type=\"container\" data-settings=\"{&quot;jet_parallax_layout_list&quot;:[]}\">\n\t\t<div class=\"elementor-element elementor-element-de6913f e-con-full e-flex e-con e-child\" data-id=\"de6913f\" data-element_type=\"container\" data-settings=\"{&quot;jet_parallax_layout_list&quot;:[]}\">\n\t\t\t\t<div class=\"elementor-element elementor-element-0a70ae5 elementor-position-top elementor-invisible elementor-widget elementor-widget-image-box\" data-id=\"0a70ae5\" data-element_type=\"widget\" data-settings=\"{&quot;_animation&quot;:&quot;fadeIn&quot;}\" data-widget_type=\"image-box.default\">\n\t\t\t\t<div class=\"elementor-widget-container\">\n\t\t\t\t\t<div class=\"elementor-image-box-wrapper\"><figure class=\"elementor-image-box-img\"><a href=\"https:\/\/bluline.agenziayes.dev\/wp-content\/uploads\/2025\/11\/certificato-GOTS-bluline.pdf\" target=\"_blank\" tabindex=\"-1\"><img fetchpriority=\"high\" decoding=\"async\" width=\"240\" height=\"303\" src=\"https:\/\/bluline.agenziayes.dev\/wp-content\/uploads\/2025\/11\/certificazione-gots-bluline.webp\" class=\"attachment-full size-full wp-image-2428\" alt=\"\" srcset=\"https:\/\/bluline.agenziayes.dev\/wp-content\/uploads\/2025\/11\/certificazione-gots-bluline.webp 240w, https:\/\/bluline.agenziayes.dev\/wp-content\/uploads\/2025\/11\/certificazione-gots-bluline-238x300.webp 238w\" sizes=\"(max-width: 240px) 100vw, 240px\" \/><\/a><\/figure><div class=\"elementor-image-box-content\"><h3 class=\"elementor-image-box-title\"><a href=\"https:\/\/bluline.agenziayes.dev\/wp-content\/uploads\/2025\/11\/certificato-GOTS-bluline.pdf\" target=\"_blank\">GOTS Certification<\/a><\/h3><p class=\"elementor-image-box-description\">Blu Line obtained the Global Organic Textile Standard (GOTS) certification from ICEA on September 30, 2022.\nCertificate number: ICEA-GOTS-22-3016<\/p><\/div><\/div>\t\t\t\t<\/div>\n\t\t\t\t<\/div>\n\t\t\t\t<div class=\"elementor-element elementor-element-709fd5a elementor-widget-divider--view-line elementor-invisible elementor-widget elementor-widget-divider\" data-id=\"709fd5a\" data-element_type=\"widget\" data-settings=\"{&quot;_animation&quot;:&quot;slideInLeft&quot;}\" data-widget_type=\"divider.default\">\n\t\t\t\t<div class=\"elementor-widget-container\">\n\t\t\t\t\t\t\t<div class=\"elementor-divider\">\n\t\t\t<span class=\"elementor-divider-separator\">\n\t\t\t\t\t\t<\/span>\n\t\t<\/div>\n\t\t\t\t\t\t<\/div>\n\t\t\t\t<\/div>\n\t\t\t\t<\/div>\n\t\t<div class=\"elementor-element elementor-element-b85bcb4 e-con-full e-flex e-con e-child\" data-id=\"b85bcb4\" data-element_type=\"container\" data-settings=\"{&quot;jet_parallax_layout_list&quot;:[]}\">\n\t\t\t\t<div class=\"elementor-element elementor-element-eef6a14 elementor-position-top elementor-invisible elementor-widget elementor-widget-image-box\" data-id=\"eef6a14\" data-element_type=\"widget\" data-settings=\"{&quot;_animation&quot;:&quot;fadeIn&quot;,&quot;_animation_delay&quot;:100}\" data-widget_type=\"image-box.default\">\n\t\t\t\t<div class=\"elementor-widget-container\">\n\t\t\t\t\t<div class=\"elementor-image-box-wrapper\"><figure class=\"elementor-image-box-img\"><a href=\"https:\/\/bluline.agenziayes.dev\/wp-content\/uploads\/2025\/11\/certificato-GRS-bluline.pdf\" target=\"_blank\" tabindex=\"-1\"><img decoding=\"async\" width=\"378\" height=\"288\" src=\"https:\/\/bluline.agenziayes.dev\/wp-content\/uploads\/2025\/11\/certificazione-grs-bluline.webp\" class=\"attachment-full size-full wp-image-2429\" alt=\"\" srcset=\"https:\/\/bluline.agenziayes.dev\/wp-content\/uploads\/2025\/11\/certificazione-grs-bluline.webp 378w, https:\/\/bluline.agenziayes.dev\/wp-content\/uploads\/2025\/11\/certificazione-grs-bluline-300x229.webp 300w\" sizes=\"(max-width: 378px) 100vw, 378px\" \/><\/a><\/figure><div class=\"elementor-image-box-content\"><h3 class=\"elementor-image-box-title\"><a href=\"https:\/\/bluline.agenziayes.dev\/wp-content\/uploads\/2025\/11\/certificato-GRS-bluline.pdf\" target=\"_blank\">GRS Certification<\/a><\/h3><p class=\"elementor-image-box-description\">Blu Line obtained the Global Recycled Standard (GRS) certification from ICEA on September 30, 2022.\nCertificate number: ICA-GRS-22-3017<\/p><\/div><\/div>\t\t\t\t<\/div>\n\t\t\t\t<\/div>\n\t\t\t\t<div class=\"elementor-element elementor-element-6cfae1f elementor-widget-divider--view-line elementor-invisible elementor-widget elementor-widget-divider\" data-id=\"6cfae1f\" data-element_type=\"widget\" data-settings=\"{&quot;_animation&quot;:&quot;slideInLeft&quot;}\" data-widget_type=\"divider.default\">\n\t\t\t\t<div class=\"elementor-widget-container\">\n\t\t\t\t\t\t\t<div class=\"elementor-divider\">\n\t\t\t<span class=\"elementor-divider-separator\">\n\t\t\t\t\t\t<\/span>\n\t\t<\/div>\n\t\t\t\t\t\t<\/div>\n\t\t\t\t<\/div>\n\t\t\t\t<\/div>\n\t\t<div class=\"elementor-element elementor-element-c528e37 e-con-full e-flex e-con e-child\" data-id=\"c528e37\" data-element_type=\"container\" data-settings=\"{&quot;jet_parallax_layout_list&quot;:[]}\">\n\t\t\t\t<div class=\"elementor-element elementor-element-1924400 elementor-position-top elementor-invisible elementor-widget elementor-widget-image-box\" data-id=\"1924400\" data-element_type=\"widget\" data-settings=\"{&quot;_animation&quot;:&quot;fadeIn&quot;,&quot;_animation_delay&quot;:200}\" data-widget_type=\"image-box.default\">\n\t\t\t\t<div class=\"elementor-widget-container\">\n\t\t\t\t\t<div class=\"elementor-image-box-wrapper\"><figure class=\"elementor-image-box-img\"><a href=\"https:\/\/bluline.agenziayes.dev\/wp-content\/uploads\/2025\/11\/certificato-FSC-bluline.pdf\" target=\"_blank\" tabindex=\"-1\"><img decoding=\"async\" width=\"216\" height=\"312\" src=\"https:\/\/bluline.agenziayes.dev\/wp-content\/uploads\/2025\/11\/certificazione-fsc-bluline.webp\" class=\"attachment-full size-full wp-image-2427\" alt=\"\" srcset=\"https:\/\/bluline.agenziayes.dev\/wp-content\/uploads\/2025\/11\/certificazione-fsc-bluline.webp 216w, https:\/\/bluline.agenziayes.dev\/wp-content\/uploads\/2025\/11\/certificazione-fsc-bluline-208x300.webp 208w\" sizes=\"(max-width: 216px) 100vw, 216px\" \/><\/a><\/figure><div class=\"elementor-image-box-content\"><h3 class=\"elementor-image-box-title\"><a href=\"https:\/\/bluline.agenziayes.dev\/wp-content\/uploads\/2025\/11\/certificato-FSC-bluline.pdf\" target=\"_blank\">FSC\u00ae Certification<\/a><\/h3><p class=\"elementor-image-box-description\">Blu Line obtained the FSC\u00ae Chain of Custody certification from Certiquality on February 22, 2023.\nRequest our FSC\u00ae certified products\nCertificate code: CQ-COC-000669<\/p><\/div><\/div>\t\t\t\t<\/div>\n\t\t\t\t<\/div>\n\t\t\t\t<div class=\"elementor-element elementor-element-7da18f2 elementor-widget-divider--view-line elementor-invisible elementor-widget elementor-widget-divider\" data-id=\"7da18f2\" data-element_type=\"widget\" data-settings=\"{&quot;_animation&quot;:&quot;slideInLeft&quot;}\" data-widget_type=\"divider.default\">\n\t\t\t\t<div class=\"elementor-widget-container\">\n\t\t\t\t\t\t\t<div class=\"elementor-divider\">\n\t\t\t<span class=\"elementor-divider-separator\">\n\t\t\t\t\t\t<\/span>\n\t\t<\/div>\n\t\t\t\t\t\t<\/div>\n\t\t\t\t<\/div>\n\t\t\t\t<\/div>\n\t\t\t\t<\/div>\n\t\t\t\t\t<\/div>\n\t\t\t\t<\/div>\n\t\t\t\t<\/div>","protected":false},"excerpt":{"rendered":"<p>Sostenibilit\u00e0 Tessuti tracciabili, responsabili e 100% Made in Italy. In Blu Line la sostenibilit\u00e0 non \u00e8 un gesto, \u00e8 parte integrante del processo creativo. Ogni fase \u00e8 tracciabile, ogni passaggio \u00e8 interamente Made in Italy, garanzia di qualit\u00e0 e rispetto per il territorio.\u00a0\u2028 La vera innovazione \u00e8 quella che genera valore senza spreco: una filosofia [&hellip;]<\/p>","protected":false},"author":6,"featured_media":0,"parent":0,"menu_order":0,"comment_status":"closed","ping_status":"closed","template":"","meta":{"_acf_changed":false,"footnotes":""},"class_list":["post-2093","page","type-page","status-publish","hentry"],"acf":[],"yoast_head":"<!-- This site is optimized with the Yoast SEO plugin v27.4 - https:\/\/yoast.com\/product\/yoast-seo-wordpress\/ -->\n<title>Sostenibilit\u00e0 e certificazioni - Bluline<\/title>\n<meta name=\"robots\" content=\"noindex, follow, max-snippet:-1, max-image-preview:large, max-video-preview:-1\" \/>\n<meta property=\"og:locale\" content=\"en_GB\" \/>\n<meta property=\"og:type\" content=\"article\" \/>\n<meta property=\"og:title\" content=\"Sostenibilit\u00e0 e certificazioni - Bluline\" \/>\n<meta property=\"og:description\" content=\"Sostenibilit\u00e0 Tessuti tracciabili, responsabili e 100% Made in Italy. In Blu Line la sostenibilit\u00e0 non \u00e8 un gesto, \u00e8 parte integrante del processo creativo. Ogni fase \u00e8 tracciabile, ogni passaggio \u00e8 interamente Made in Italy, garanzia di qualit\u00e0 e rispetto per il territorio.\u00a0\u2028 La vera innovazione \u00e8 quella che genera valore senza spreco: una filosofia [&hellip;]\" \/>\n<meta property=\"og:url\" content=\"https:\/\/bluline.agenziayes.dev\/en\/sostenibilita-e-certificazioni\/\" \/>\n<meta property=\"og:site_name\" content=\"Bluline\" \/>\n<meta property=\"article:modified_time\" content=\"2025-11-26T10:11:30+00:00\" \/>\n<meta property=\"og:image\" content=\"https:\/\/bluline.agenziayes.dev\/wp-content\/uploads\/2025\/11\/certificazione-gots-bluline.webp\" \/>\n\t<meta property=\"og:image:width\" content=\"240\" \/>\n\t<meta property=\"og:image:height\" content=\"303\" \/>\n\t<meta property=\"og:image:type\" content=\"image\/webp\" \/>\n<meta name=\"twitter:card\" content=\"summary_large_image\" \/>\n<meta name=\"twitter:label1\" content=\"Estimated reading time\" \/>\n\t<meta name=\"twitter:data1\" content=\"1 minute\" \/>\n<script type=\"application\/ld+json\" class=\"yoast-schema-graph\">{\"@context\":\"https:\\\/\\\/schema.org\",\"@graph\":[{\"@type\":\"WebPage\",\"@id\":\"https:\\\/\\\/bluline.agenziayes.dev\\\/sostenibilita-e-certificazioni\\\/\",\"url\":\"https:\\\/\\\/bluline.agenziayes.dev\\\/sostenibilita-e-certificazioni\\\/\",\"name\":\"Sostenibilit\u00e0 e certificazioni - Bluline\",\"isPartOf\":{\"@id\":\"https:\\\/\\\/bluline.agenziayes.dev\\\/#website\"},\"primaryImageOfPage\":{\"@id\":\"https:\\\/\\\/bluline.agenziayes.dev\\\/sostenibilita-e-certificazioni\\\/#primaryimage\"},\"image\":{\"@id\":\"https:\\\/\\\/bluline.agenziayes.dev\\\/sostenibilita-e-certificazioni\\\/#primaryimage\"},\"thumbnailUrl\":\"https:\\\/\\\/bluline.agenziayes.dev\\\/wp-content\\\/uploads\\\/2025\\\/11\\\/certificazione-gots-bluline.webp\",\"datePublished\":\"2025-11-17T12:03:26+00:00\",\"dateModified\":\"2025-11-26T10:11:30+00:00\",\"breadcrumb\":{\"@id\":\"https:\\\/\\\/bluline.agenziayes.dev\\\/sostenibilita-e-certificazioni\\\/#breadcrumb\"},\"inLanguage\":\"en-GB\",\"potentialAction\":[{\"@type\":\"ReadAction\",\"target\":[\"https:\\\/\\\/bluline.agenziayes.dev\\\/sostenibilita-e-certificazioni\\\/\"]}]},{\"@type\":\"ImageObject\",\"inLanguage\":\"en-GB\",\"@id\":\"https:\\\/\\\/bluline.agenziayes.dev\\\/sostenibilita-e-certificazioni\\\/#primaryimage\",\"url\":\"https:\\\/\\\/bluline.agenziayes.dev\\\/wp-content\\\/uploads\\\/2025\\\/11\\\/certificazione-gots-bluline.webp\",\"contentUrl\":\"https:\\\/\\\/bluline.agenziayes.dev\\\/wp-content\\\/uploads\\\/2025\\\/11\\\/certificazione-gots-bluline.webp\"},{\"@type\":\"BreadcrumbList\",\"@id\":\"https:\\\/\\\/bluline.agenziayes.dev\\\/sostenibilita-e-certificazioni\\\/#breadcrumb\",\"itemListElement\":[{\"@type\":\"ListItem\",\"position\":1,\"name\":\"Home\",\"item\":\"https:\\\/\\\/bluline.agenziayes.dev\\\/\"},{\"@type\":\"ListItem\",\"position\":2,\"name\":\"Sostenibilit\u00e0 e certificazioni\"}]},{\"@type\":\"WebSite\",\"@id\":\"https:\\\/\\\/bluline.agenziayes.dev\\\/#website\",\"url\":\"https:\\\/\\\/bluline.agenziayes.dev\\\/\",\"name\":\"Bluline\",\"description\":\"\",\"publisher\":{\"@id\":\"https:\\\/\\\/bluline.agenziayes.dev\\\/#organization\"},\"potentialAction\":[{\"@type\":\"SearchAction\",\"target\":{\"@type\":\"EntryPoint\",\"urlTemplate\":\"https:\\\/\\\/bluline.agenziayes.dev\\\/?s={search_term_string}\"},\"query-input\":{\"@type\":\"PropertyValueSpecification\",\"valueRequired\":true,\"valueName\":\"search_term_string\"}}],\"inLanguage\":\"en-GB\"},{\"@type\":\"Organization\",\"@id\":\"https:\\\/\\\/bluline.agenziayes.dev\\\/#organization\",\"name\":\"Bluline\",\"url\":\"https:\\\/\\\/bluline.agenziayes.dev\\\/\",\"logo\":{\"@type\":\"ImageObject\",\"inLanguage\":\"en-GB\",\"@id\":\"https:\\\/\\\/bluline.agenziayes.dev\\\/#\\\/schema\\\/logo\\\/image\\\/\",\"url\":\"https:\\\/\\\/bluline.agenziayes.dev\\\/wp-content\\\/uploads\\\/2020\\\/09\\\/logo-bianco-bluline.svg\",\"contentUrl\":\"https:\\\/\\\/bluline.agenziayes.dev\\\/wp-content\\\/uploads\\\/2020\\\/09\\\/logo-bianco-bluline.svg\",\"width\":200,\"height\":56,\"caption\":\"Bluline\"},\"image\":{\"@id\":\"https:\\\/\\\/bluline.agenziayes.dev\\\/#\\\/schema\\\/logo\\\/image\\\/\"}}]}<\/script>\n<!-- \/ Yoast SEO plugin. -->","yoast_head_json":{"title":"Sostenibilit\u00e0 e certificazioni - Bluline","robots":{"index":"noindex","follow":"follow","max-snippet":"max-snippet:-1","max-image-preview":"max-image-preview:large","max-video-preview":"max-video-preview:-1"},"og_locale":"en_GB","og_type":"article","og_title":"Sostenibilit\u00e0 e certificazioni - Bluline","og_description":"Sostenibilit\u00e0 Tessuti tracciabili, responsabili e 100% Made in Italy. In Blu Line la sostenibilit\u00e0 non \u00e8 un gesto, \u00e8 parte integrante del processo creativo. Ogni fase \u00e8 tracciabile, ogni passaggio \u00e8 interamente Made in Italy, garanzia di qualit\u00e0 e rispetto per il territorio.\u00a0\u2028 La vera innovazione \u00e8 quella che genera valore senza spreco: una filosofia [&hellip;]","og_url":"https:\/\/bluline.agenziayes.dev\/en\/sostenibilita-e-certificazioni\/","og_site_name":"Bluline","article_modified_time":"2025-11-26T10:11:30+00:00","og_image":[{"width":240,"height":303,"url":"https:\/\/bluline.agenziayes.dev\/wp-content\/uploads\/2025\/11\/certificazione-gots-bluline.webp","type":"image\/webp"}],"twitter_card":"summary_large_image","twitter_misc":{"Estimated reading time":"1 minute"},"schema":{"@context":"https:\/\/schema.org","@graph":[{"@type":"WebPage","@id":"https:\/\/bluline.agenziayes.dev\/sostenibilita-e-certificazioni\/","url":"https:\/\/bluline.agenziayes.dev\/sostenibilita-e-certificazioni\/","name":"Sostenibilit\u00e0 e certificazioni - Bluline","isPartOf":{"@id":"https:\/\/bluline.agenziayes.dev\/#website"},"primaryImageOfPage":{"@id":"https:\/\/bluline.agenziayes.dev\/sostenibilita-e-certificazioni\/#primaryimage"},"image":{"@id":"https:\/\/bluline.agenziayes.dev\/sostenibilita-e-certificazioni\/#primaryimage"},"thumbnailUrl":"https:\/\/bluline.agenziayes.dev\/wp-content\/uploads\/2025\/11\/certificazione-gots-bluline.webp","datePublished":"2025-11-17T12:03:26+00:00","dateModified":"2025-11-26T10:11:30+00:00","breadcrumb":{"@id":"https:\/\/bluline.agenziayes.dev\/sostenibilita-e-certificazioni\/#breadcrumb"},"inLanguage":"en-GB","potentialAction":[{"@type":"ReadAction","target":["https:\/\/bluline.agenziayes.dev\/sostenibilita-e-certificazioni\/"]}]},{"@type":"ImageObject","inLanguage":"en-GB","@id":"https:\/\/bluline.agenziayes.dev\/sostenibilita-e-certificazioni\/#primaryimage","url":"https:\/\/bluline.agenziayes.dev\/wp-content\/uploads\/2025\/11\/certificazione-gots-bluline.webp","contentUrl":"https:\/\/bluline.agenziayes.dev\/wp-content\/uploads\/2025\/11\/certificazione-gots-bluline.webp"},{"@type":"BreadcrumbList","@id":"https:\/\/bluline.agenziayes.dev\/sostenibilita-e-certificazioni\/#breadcrumb","itemListElement":[{"@type":"ListItem","position":1,"name":"Home","item":"https:\/\/bluline.agenziayes.dev\/"},{"@type":"ListItem","position":2,"name":"Sostenibilit\u00e0 e certificazioni"}]},{"@type":"WebSite","@id":"https:\/\/bluline.agenziayes.dev\/#website","url":"https:\/\/bluline.agenziayes.dev\/","name":"Bluline","description":"","publisher":{"@id":"https:\/\/bluline.agenziayes.dev\/#organization"},"potentialAction":[{"@type":"SearchAction","target":{"@type":"EntryPoint","urlTemplate":"https:\/\/bluline.agenziayes.dev\/?s={search_term_string}"},"query-input":{"@type":"PropertyValueSpecification","valueRequired":true,"valueName":"search_term_string"}}],"inLanguage":"en-GB"},{"@type":"Organization","@id":"https:\/\/bluline.agenziayes.dev\/#organization","name":"Bluline","url":"https:\/\/bluline.agenziayes.dev\/","logo":{"@type":"ImageObject","inLanguage":"en-GB","@id":"https:\/\/bluline.agenziayes.dev\/#\/schema\/logo\/image\/","url":"https:\/\/bluline.agenziayes.dev\/wp-content\/uploads\/2020\/09\/logo-bianco-bluline.svg","contentUrl":"https:\/\/bluline.agenziayes.dev\/wp-content\/uploads\/2020\/09\/logo-bianco-bluline.svg","width":200,"height":56,"caption":"Bluline"},"image":{"@id":"https:\/\/bluline.agenziayes.dev\/#\/schema\/logo\/image\/"}}]}},"_links":{"self":[{"href":"https:\/\/bluline.agenziayes.dev\/en\/wp-json\/wp\/v2\/pages\/2093","targetHints":{"allow":["GET"]}}],"collection":[{"href":"https:\/\/bluline.agenziayes.dev\/en\/wp-json\/wp\/v2\/pages"}],"about":[{"href":"https:\/\/bluline.agenziayes.dev\/en\/wp-json\/wp\/v2\/types\/page"}],"author":[{"embeddable":true,"href":"https:\/\/bluline.agenziayes.dev\/en\/wp-json\/wp\/v2\/users\/6"}],"replies":[{"embeddable":true,"href":"https:\/\/bluline.agenziayes.dev\/en\/wp-json\/wp\/v2\/comments?post=2093"}],"version-history":[{"count":124,"href":"https:\/\/bluline.agenziayes.dev\/en\/wp-json\/wp\/v2\/pages\/2093\/revisions"}],"predecessor-version":[{"id":3734,"href":"https:\/\/bluline.agenziayes.dev\/en\/wp-json\/wp\/v2\/pages\/2093\/revisions\/3734"}],"wp:attachment":[{"href":"https:\/\/bluline.agenziayes.dev\/en\/wp-json\/wp\/v2\/media?parent=2093"}],"curies":[{"name":"wp","href":"https:\/\/api.w.org\/{rel}","templated":true}]}}